{"id":8935,"date":"2020-08-13T00:03:29","date_gmt":"2020-08-12T21:03:29","guid":{"rendered":"https:\/\/www.asudeyasamvesaglikmerkezi.com\/muracaatin-akabinde-yaslinin-kendi-ortamina-sosyal-ziyaret-ucretsiz\/"},"modified":"2023-04-07T17:53:59","modified_gmt":"2023-04-07T14:53:59","slug":"social-visit-free-to-the-elderlys-place-after-application-to-our-facilities","status":"publish","type":"page","link":"https:\/\/www.asudeyasamvesaglikmerkezi.com\/en\/services\/social-visit-free-to-the-elderlys-place-after-application-to-our-facilities\/","title":{"rendered":"Social Visit (Free) to the Elderly\u2019s Place after Application to our Facilities\u200b"},"content":{"rendered":"\n<p>In case of elderlies with problems related to self-care, medical follow-up and social psychological support in a house environment, or elderlies with neurological or psychological disorders or internal diseases, or elderlies who have lost their spouses and are in need of care but have to live alone as they are old; when it becomes necessary for them to live in a safe environment and get out of the psychology of loneliness and receive professional support, their relatives find themselves in a difficult position and feel the pressure of how they can explain the situation to their mothers, fathers or other elderly relatives. On the other hand, our facilities need information on the level of care needed by the prospective elderly guest, as well as the capacity of the room where the guest will be settled in.<\/p>\n\n\n\n<p>After deciding on admission to our facilities, our social workers pay a visit to our elderly guest in their home, determine the psychological condition of, and the care needed by, the elderly, and inform the relatives accordingly. In line with such findings, our facilities start the procedure for transfer of the elderly to the right floor, the right room and the right circle of friends. Since it is not possible to become successful in the face of instantly changing decisions when trying to persuade their elderlies who have dementia diagnosis, relatives can find themselves in a desperate situation. This is where professionals from our facilities step in and assume this role professionally, and handle the transfer.<\/p>\n\n\n\t\t<div data-elementor-type=\"section\" data-elementor-id=\"8977\" class=\"elementor elementor-8977 elementor-6851\">\n\t\t\t\t\t<div class=\"elementor-section-wrap\">\n\t\t\t\t\t\t\t\t<section class=\"elementor-section elementor-top-section elementor-element elementor-element-df41377 elementor-section-boxed elementor-section-height-default elementor-section-height-default\" data-id=\"df41377\" data-element_type=\"section\">\n\t\t\t\t\t\t<div class=\"elementor-container elementor-column-gap-default\">\n\t\t\t\t\t\t\t<div class=\"elementor-row\">\n\t\t\t\t\t<div class=\"elementor-column elementor-col-100 elementor-top-column elementor-element elementor-element-6facf0a\" data-id=\"6facf0a\" data-element_type=\"column\">\n\t\t\t<div class=\"elementor-column-wrap elementor-element-populated\">\n\t\t\t\t\t\t\t<div class=\"elementor-widget-wrap\">\n\t\t\t\t\t\t<div class=\"elementor-element elementor-element-e5589ca elementor-widget elementor-widget-heading\" data-id=\"e5589ca\" data-element_type=\"widget\" data-widget_type=\"heading.default\">\n\t\t\t\t<div class=\"elementor-widget-container\">\n\t\t\t<h2 class=\"elementor-heading-title elementor-size-default\">Our Services<\/h2>\t\t<\/div>\n\t\t\t\t<\/div>\n\t\t\t\t<div class=\"elementor-element elementor-element-dea2eca elementor-widget-divider--view-line elementor-widget elementor-widget-divider\" data-id=\"dea2eca\" data-element_type=\"widget\" data-widget_type=\"divider.default\">\n\t\t\t\t<div class=\"elementor-widget-container\">\n\t\t\t\t\t<div class=\"elementor-divider\">\n\t\t\t<span class=\"elementor-divider-separator\">\n\t\t\t\t\t\t<\/span>\n\t\t<\/div>\n\t\t\t\t<\/div>\n\t\t\t\t<\/div>\n\t\t\t\t<div class=\"elementor-element elementor-element-45a784f elementor-posts__hover-none elementor-grid-3 elementor-grid-tablet-2 elementor-grid-mobile-1 elementor-posts--thumbnail-top elementor-card-shadow-yes elementor-widget elementor-widget-posts\" data-id=\"45a784f\" data-element_type=\"widget\" data-settings=\"{&quot;cards_row_gap&quot;:{&quot;unit&quot;:&quot;px&quot;,&quot;size&quot;:30,&quot;sizes&quot;:[]},&quot;cards_columns&quot;:&quot;3&quot;,&quot;cards_columns_tablet&quot;:&quot;2&quot;,&quot;cards_columns_mobile&quot;:&quot;1&quot;,&quot;cards_row_gap_tablet&quot;:{&quot;unit&quot;:&quot;px&quot;,&quot;size&quot;:&quot;&quot;,&quot;sizes&quot;:[]},&quot;cards_row_gap_mobile&quot;:{&quot;unit&quot;:&quot;px&quot;,&quot;size&quot;:&quot;&quot;,&quot;sizes&quot;:[]}}\" data-widget_type=\"posts.cards\">\n\t\t\t\t<div class=\"elementor-widget-container\">\n\t\t\t\t\t<div class=\"elementor-posts-container elementor-posts elementor-posts--skin-cards elementor-grid\">\n\t\t\t\t<article class=\"elementor-post elementor-grid-item post-8921 page type-page status-publish has-post-thumbnail hentry\">\n\t\t\t<div class=\"elementor-post__card\">\n\t\t\t\t<a class=\"elementor-post__thumbnail__link\" href=\"https:\/\/www.asudeyasamvesaglikmerkezi.com\/en\/services\/inpatient-physiotherapy\/\" ><div class=\"elementor-post__thumbnail\"><img width=\"768\" height=\"432\" src=\"https:\/\/www.asudeyasamvesaglikmerkezi.com\/wp-content\/uploads\/2026\/02\/yatarakfiziktedavi-768x432.jpg\" class=\"attachment-medium_large size-medium_large wp-image-11311\" alt=\"Yatarak Fizik Tedavi\" decoding=\"async\" loading=\"lazy\" srcset=\"https:\/\/www.asudeyasamvesaglikmerkezi.com\/wp-content\/uploads\/2026\/02\/yatarakfiziktedavi-768x432.jpg 768w, https:\/\/www.asudeyasamvesaglikmerkezi.com\/wp-content\/uploads\/2026\/02\/yatarakfiziktedavi-300x169.jpg 300w, https:\/\/www.asudeyasamvesaglikmerkezi.com\/wp-content\/uploads\/2026\/02\/yatarakfiziktedavi-1024x576.jpg 1024w, https:\/\/www.asudeyasamvesaglikmerkezi.com\/wp-content\/uploads\/2026\/02\/yatarakfiziktedavi-1536x864.jpg 1536w, https:\/\/www.asudeyasamvesaglikmerkezi.com\/wp-content\/uploads\/2026\/02\/yatarakfiziktedavi.jpg 1920w\" sizes=\"(max-width: 768px) 100vw, 768px\" \/><\/div><\/a>\n\t\t\t\t<div class=\"elementor-post__text\">\n\t\t\t\t<h3 class=\"elementor-post__title\">\n\t\t\t<a href=\"https:\/\/www.asudeyasamvesaglikmerkezi.com\/en\/services\/inpatient-physiotherapy\/\" >\n\t\t\t\tInpatient Physiotherapy\t\t\t<\/a>\n\t\t<\/h3>\n\t\t\t\t<\/div>\n\t\t\t\t\t<\/div>\n\t\t<\/article>\n\t\t\t\t<article class=\"elementor-post elementor-grid-item post-8931 page type-page status-publish has-post-thumbnail hentry\">\n\t\t\t<div class=\"elementor-post__card\">\n\t\t\t\t<a class=\"elementor-post__thumbnail__link\" href=\"https:\/\/www.asudeyasamvesaglikmerkezi.com\/en\/services\/medical-follow-up-by-our-doctors\/\" ><div class=\"elementor-post__thumbnail\"><img width=\"768\" height=\"432\" src=\"https:\/\/www.asudeyasamvesaglikmerkezi.com\/wp-content\/uploads\/2026\/02\/doktorlarimiztarafindanmedikaltakip-768x432.jpg\" class=\"attachment-medium_large size-medium_large wp-image-11273\" alt=\"Doktorlar\u0131m\u0131z taraf\u0131ndan medikal takip\" decoding=\"async\" loading=\"lazy\" srcset=\"https:\/\/www.asudeyasamvesaglikmerkezi.com\/wp-content\/uploads\/2026\/02\/doktorlarimiztarafindanmedikaltakip-768x432.jpg 768w, https:\/\/www.asudeyasamvesaglikmerkezi.com\/wp-content\/uploads\/2026\/02\/doktorlarimiztarafindanmedikaltakip-300x169.jpg 300w, https:\/\/www.asudeyasamvesaglikmerkezi.com\/wp-content\/uploads\/2026\/02\/doktorlarimiztarafindanmedikaltakip-1024x576.jpg 1024w, https:\/\/www.asudeyasamvesaglikmerkezi.com\/wp-content\/uploads\/2026\/02\/doktorlarimiztarafindanmedikaltakip-1536x864.jpg 1536w, https:\/\/www.asudeyasamvesaglikmerkezi.com\/wp-content\/uploads\/2026\/02\/doktorlarimiztarafindanmedikaltakip.jpg 1920w\" sizes=\"(max-width: 768px) 100vw, 768px\" \/><\/div><\/a>\n\t\t\t\t<div class=\"elementor-post__text\">\n\t\t\t\t<h3 class=\"elementor-post__title\">\n\t\t\t<a href=\"https:\/\/www.asudeyasamvesaglikmerkezi.com\/en\/services\/medical-follow-up-by-our-doctors\/\" >\n\t\t\t\tMedical Follow-up by our Doctors\t\t\t<\/a>\n\t\t<\/h3>\n\t\t\t\t<\/div>\n\t\t\t\t\t<\/div>\n\t\t<\/article>\n\t\t\t\t<article class=\"elementor-post elementor-grid-item post-8917 page type-page status-publish has-post-thumbnail hentry\">\n\t\t\t<div class=\"elementor-post__card\">\n\t\t\t\t<a class=\"elementor-post__thumbnail__link\" href=\"https:\/\/www.asudeyasamvesaglikmerkezi.com\/en\/services\/outsourced-healthcare-service-follow-up-and-companionship\/\" ><div class=\"elementor-post__thumbnail\"><img width=\"768\" height=\"512\" src=\"https:\/\/www.asudeyasamvesaglikmerkezi.com\/wp-content\/uploads\/2020\/09\/kurum-disi-saglik-hizmetleri_v3-768x512.jpg\" class=\"attachment-medium_large size-medium_large wp-image-8226\" alt=\"\" decoding=\"async\" loading=\"lazy\" srcset=\"https:\/\/www.asudeyasamvesaglikmerkezi.com\/wp-content\/uploads\/2020\/09\/kurum-disi-saglik-hizmetleri_v3-768x512.jpg 768w, https:\/\/www.asudeyasamvesaglikmerkezi.com\/wp-content\/uploads\/2020\/09\/kurum-disi-saglik-hizmetleri_v3-300x200.jpg 300w, https:\/\/www.asudeyasamvesaglikmerkezi.com\/wp-content\/uploads\/2020\/09\/kurum-disi-saglik-hizmetleri_v3-1024x683.jpg 1024w, https:\/\/www.asudeyasamvesaglikmerkezi.com\/wp-content\/uploads\/2020\/09\/kurum-disi-saglik-hizmetleri_v3.jpg 1170w\" sizes=\"(max-width: 768px) 100vw, 768px\" \/><\/div><\/a>\n\t\t\t\t<div class=\"elementor-post__text\">\n\t\t\t\t<h3 class=\"elementor-post__title\">\n\t\t\t<a href=\"https:\/\/www.asudeyasamvesaglikmerkezi.com\/en\/services\/outsourced-healthcare-service-follow-up-and-companionship\/\" >\n\t\t\t\tOutsourced Healthcare Service, Follow-Up and Companionship\t\t\t<\/a>\n\t\t<\/h3>\n\t\t\t\t<\/div>\n\t\t\t\t\t<\/div>\n\t\t<\/article>\n\t\t\t\t<article class=\"elementor-post elementor-grid-item post-8935 page type-page status-publish has-post-thumbnail hentry\">\n\t\t\t<div class=\"elementor-post__card\">\n\t\t\t\t<a class=\"elementor-post__thumbnail__link\" href=\"https:\/\/www.asudeyasamvesaglikmerkezi.com\/en\/services\/social-visit-free-to-the-elderlys-place-after-application-to-our-facilities\/\" ><div class=\"elementor-post__thumbnail\"><img width=\"768\" height=\"512\" src=\"https:\/\/www.asudeyasamvesaglikmerkezi.com\/wp-content\/uploads\/2020\/09\/muracatin-akabinde-768x512.jpg\" class=\"attachment-medium_large size-medium_large wp-image-8216\" alt=\"\" decoding=\"async\" loading=\"lazy\" srcset=\"https:\/\/www.asudeyasamvesaglikmerkezi.com\/wp-content\/uploads\/2020\/09\/muracatin-akabinde-768x512.jpg 768w, https:\/\/www.asudeyasamvesaglikmerkezi.com\/wp-content\/uploads\/2020\/09\/muracatin-akabinde-300x200.jpg 300w, https:\/\/www.asudeyasamvesaglikmerkezi.com\/wp-content\/uploads\/2020\/09\/muracatin-akabinde-1024x683.jpg 1024w, https:\/\/www.asudeyasamvesaglikmerkezi.com\/wp-content\/uploads\/2020\/09\/muracatin-akabinde.jpg 1170w\" sizes=\"(max-width: 768px) 100vw, 768px\" \/><\/div><\/a>\n\t\t\t\t<div class=\"elementor-post__text\">\n\t\t\t\t<h3 class=\"elementor-post__title\">\n\t\t\t<a href=\"https:\/\/www.asudeyasamvesaglikmerkezi.com\/en\/services\/social-visit-free-to-the-elderlys-place-after-application-to-our-facilities\/\" >\n\t\t\t\tSocial Visit (Free) to the Elderly\u2019s Place after Application to our Facilities\u200b\t\t\t<\/a>\n\t\t<\/h3>\n\t\t\t\t<\/div>\n\t\t\t\t\t<\/div>\n\t\t<\/article>\n\t\t\t\t<article class=\"elementor-post elementor-grid-item post-8925 page type-page status-publish has-post-thumbnail hentry\">\n\t\t\t<div class=\"elementor-post__card\">\n\t\t\t\t<a class=\"elementor-post__thumbnail__link\" href=\"https:\/\/www.asudeyasamvesaglikmerkezi.com\/en\/services\/self-care\/\" ><div class=\"elementor-post__thumbnail\"><img width=\"768\" height=\"512\" src=\"https:\/\/www.asudeyasamvesaglikmerkezi.com\/wp-content\/uploads\/2020\/08\/oz-bakim-768x512.jpg\" class=\"attachment-medium_large size-medium_large wp-image-8160\" alt=\"\" decoding=\"async\" loading=\"lazy\" srcset=\"https:\/\/www.asudeyasamvesaglikmerkezi.com\/wp-content\/uploads\/2020\/08\/oz-bakim-768x512.jpg 768w, https:\/\/www.asudeyasamvesaglikmerkezi.com\/wp-content\/uploads\/2020\/08\/oz-bakim-300x200.jpg 300w, https:\/\/www.asudeyasamvesaglikmerkezi.com\/wp-content\/uploads\/2020\/08\/oz-bakim-1024x683.jpg 1024w, https:\/\/www.asudeyasamvesaglikmerkezi.com\/wp-content\/uploads\/2020\/08\/oz-bakim.jpg 1170w\" sizes=\"(max-width: 768px) 100vw, 768px\" \/><\/div><\/a>\n\t\t\t\t<div class=\"elementor-post__text\">\n\t\t\t\t<h3 class=\"elementor-post__title\">\n\t\t\t<a href=\"https:\/\/www.asudeyasamvesaglikmerkezi.com\/en\/services\/self-care\/\" >\n\t\t\t\tSelf-Care\t\t\t<\/a>\n\t\t<\/h3>\n\t\t\t\t<\/div>\n\t\t\t\t\t<\/div>\n\t\t<\/article>\n\t\t\t\t<article class=\"elementor-post elementor-grid-item post-8919 page type-page status-publish has-post-thumbnail hentry\">\n\t\t\t<div class=\"elementor-post__card\">\n\t\t\t\t<a class=\"elementor-post__thumbnail__link\" href=\"https:\/\/www.asudeyasamvesaglikmerkezi.com\/en\/services\/palliative-care-post-intensive-care-service\/\" ><div class=\"elementor-post__thumbnail\"><img width=\"768\" height=\"432\" src=\"https:\/\/www.asudeyasamvesaglikmerkezi.com\/wp-content\/uploads\/2026\/02\/palyatifyogunbakim-768x432.jpg\" class=\"attachment-medium_large size-medium_large wp-image-11294\" alt=\"Palyatif Yo\u011fun Bak\u0131m\" decoding=\"async\" loading=\"lazy\" srcset=\"https:\/\/www.asudeyasamvesaglikmerkezi.com\/wp-content\/uploads\/2026\/02\/palyatifyogunbakim-768x432.jpg 768w, https:\/\/www.asudeyasamvesaglikmerkezi.com\/wp-content\/uploads\/2026\/02\/palyatifyogunbakim-300x169.jpg 300w, https:\/\/www.asudeyasamvesaglikmerkezi.com\/wp-content\/uploads\/2026\/02\/palyatifyogunbakim-1024x576.jpg 1024w, https:\/\/www.asudeyasamvesaglikmerkezi.com\/wp-content\/uploads\/2026\/02\/palyatifyogunbakim-1536x864.jpg 1536w, https:\/\/www.asudeyasamvesaglikmerkezi.com\/wp-content\/uploads\/2026\/02\/palyatifyogunbakim.jpg 1920w\" sizes=\"(max-width: 768px) 100vw, 768px\" \/><\/div><\/a>\n\t\t\t\t<div class=\"elementor-post__text\">\n\t\t\t\t<h3 class=\"elementor-post__title\">\n\t\t\t<a href=\"https:\/\/www.asudeyasamvesaglikmerkezi.com\/en\/services\/palliative-care-post-intensive-care-service\/\" >\n\t\t\t\tPalliative Care \u2013 Post Intensive Care Service\t\t\t<\/a>\n\t\t<\/h3>\n\t\t\t\t<\/div>\n\t\t\t\t\t<\/div>\n\t\t<\/article>\n\t\t\t\t<article class=\"elementor-post elementor-grid-item post-8927 page type-page status-publish has-post-thumbnail hentry\">\n\t\t\t<div class=\"elementor-post__card\">\n\t\t\t\t<a class=\"elementor-post__thumbnail__link\" href=\"https:\/\/www.asudeyasamvesaglikmerkezi.com\/en\/services\/social-psychological-support\/\" ><div class=\"elementor-post__thumbnail\"><img width=\"768\" height=\"432\" src=\"https:\/\/www.asudeyasamvesaglikmerkezi.com\/wp-content\/uploads\/2026\/02\/sosyalpsikolojikdestek-768x432.jpg\" class=\"attachment-medium_large size-medium_large wp-image-11297\" alt=\"Sosyal Psikolojik Destek\" decoding=\"async\" loading=\"lazy\" srcset=\"https:\/\/www.asudeyasamvesaglikmerkezi.com\/wp-content\/uploads\/2026\/02\/sosyalpsikolojikdestek-768x432.jpg 768w, https:\/\/www.asudeyasamvesaglikmerkezi.com\/wp-content\/uploads\/2026\/02\/sosyalpsikolojikdestek-300x169.jpg 300w, https:\/\/www.asudeyasamvesaglikmerkezi.com\/wp-content\/uploads\/2026\/02\/sosyalpsikolojikdestek-1024x576.jpg 1024w, https:\/\/www.asudeyasamvesaglikmerkezi.com\/wp-content\/uploads\/2026\/02\/sosyalpsikolojikdestek-1536x864.jpg 1536w, https:\/\/www.asudeyasamvesaglikmerkezi.com\/wp-content\/uploads\/2026\/02\/sosyalpsikolojikdestek.jpg 1920w\" sizes=\"(max-width: 768px) 100vw, 768px\" \/><\/div><\/a>\n\t\t\t\t<div class=\"elementor-post__text\">\n\t\t\t\t<h3 class=\"elementor-post__title\">\n\t\t\t<a href=\"https:\/\/www.asudeyasamvesaglikmerkezi.com\/en\/services\/social-psychological-support\/\" >\n\t\t\t\tSocial Psychological Support\t\t\t<\/a>\n\t\t<\/h3>\n\t\t\t\t<\/div>\n\t\t\t\t\t<\/div>\n\t\t<\/article>\n\t\t\t\t<article class=\"elementor-post elementor-grid-item post-8937 page type-page status-publish has-post-thumbnail hentry\">\n\t\t\t<div class=\"elementor-post__card\">\n\t\t\t\t<a class=\"elementor-post__thumbnail__link\" href=\"https:\/\/www.asudeyasamvesaglikmerkezi.com\/en\/services\/proper-nutrition\/\" ><div class=\"elementor-post__thumbnail\"><img width=\"768\" height=\"432\" src=\"https:\/\/www.asudeyasamvesaglikmerkezi.com\/wp-content\/uploads\/2026\/02\/uygunbeslenme-768x432.jpg\" class=\"attachment-medium_large size-medium_large wp-image-11304\" alt=\"Uygun Beslenme\" decoding=\"async\" loading=\"lazy\" srcset=\"https:\/\/www.asudeyasamvesaglikmerkezi.com\/wp-content\/uploads\/2026\/02\/uygunbeslenme-768x432.jpg 768w, https:\/\/www.asudeyasamvesaglikmerkezi.com\/wp-content\/uploads\/2026\/02\/uygunbeslenme-300x169.jpg 300w, https:\/\/www.asudeyasamvesaglikmerkezi.com\/wp-content\/uploads\/2026\/02\/uygunbeslenme-1024x576.jpg 1024w, https:\/\/www.asudeyasamvesaglikmerkezi.com\/wp-content\/uploads\/2026\/02\/uygunbeslenme-1536x864.jpg 1536w, https:\/\/www.asudeyasamvesaglikmerkezi.com\/wp-content\/uploads\/2026\/02\/uygunbeslenme.jpg 1920w\" sizes=\"(max-width: 768px) 100vw, 768px\" \/><\/div><\/a>\n\t\t\t\t<div class=\"elementor-post__text\">\n\t\t\t\t<h3 class=\"elementor-post__title\">\n\t\t\t<a href=\"https:\/\/www.asudeyasamvesaglikmerkezi.com\/en\/services\/proper-nutrition\/\" >\n\t\t\t\tProper Nutrition\t\t\t<\/a>\n\t\t<\/h3>\n\t\t\t\t<\/div>\n\t\t\t\t\t<\/div>\n\t\t<\/article>\n\t\t\t\t<article class=\"elementor-post elementor-grid-item post-8923 page type-page status-publish has-post-thumbnail hentry\">\n\t\t\t<div class=\"elementor-post__card\">\n\t\t\t\t<a class=\"elementor-post__thumbnail__link\" href=\"https:\/\/www.asudeyasamvesaglikmerkezi.com\/en\/services\/wound-care\/\" ><div class=\"elementor-post__thumbnail\"><img width=\"768\" height=\"512\" src=\"https:\/\/www.asudeyasamvesaglikmerkezi.com\/wp-content\/uploads\/2020\/08\/yara-bakim-768x512.jpg\" class=\"attachment-medium_large size-medium_large wp-image-8162\" alt=\"\" decoding=\"async\" loading=\"lazy\" srcset=\"https:\/\/www.asudeyasamvesaglikmerkezi.com\/wp-content\/uploads\/2020\/08\/yara-bakim-768x512.jpg 768w, https:\/\/www.asudeyasamvesaglikmerkezi.com\/wp-content\/uploads\/2020\/08\/yara-bakim-300x200.jpg 300w, https:\/\/www.asudeyasamvesaglikmerkezi.com\/wp-content\/uploads\/2020\/08\/yara-bakim-1024x683.jpg 1024w, https:\/\/www.asudeyasamvesaglikmerkezi.com\/wp-content\/uploads\/2020\/08\/yara-bakim.jpg 1170w\" sizes=\"(max-width: 768px) 100vw, 768px\" \/><\/div><\/a>\n\t\t\t\t<div class=\"elementor-post__text\">\n\t\t\t\t<h3 class=\"elementor-post__title\">\n\t\t\t<a href=\"https:\/\/www.asudeyasamvesaglikmerkezi.com\/en\/services\/wound-care\/\" >\n\t\t\t\tWound Care\t\t\t<\/a>\n\t\t<\/h3>\n\t\t\t\t<\/div>\n\t\t\t\t\t<\/div>\n\t\t<\/article>\n\t\t\t\t<article class=\"elementor-post elementor-grid-item post-8915 page type-page status-publish has-post-thumbnail hentry\">\n\t\t\t<div class=\"elementor-post__card\">\n\t\t\t\t<a class=\"elementor-post__thumbnail__link\" href=\"https:\/\/www.asudeyasamvesaglikmerkezi.com\/en\/services\/social-and-psychological-support-to-elderly-relatives\/\" ><div class=\"elementor-post__thumbnail\"><img width=\"768\" height=\"512\" src=\"https:\/\/www.asudeyasamvesaglikmerkezi.com\/wp-content\/uploads\/2020\/08\/yasli-yakini-sosyal-psikolojik-destek-768x512.jpg\" class=\"attachment-medium_large size-medium_large wp-image-8172\" alt=\"\" decoding=\"async\" loading=\"lazy\" srcset=\"https:\/\/www.asudeyasamvesaglikmerkezi.com\/wp-content\/uploads\/2020\/08\/yasli-yakini-sosyal-psikolojik-destek-768x512.jpg 768w, https:\/\/www.asudeyasamvesaglikmerkezi.com\/wp-content\/uploads\/2020\/08\/yasli-yakini-sosyal-psikolojik-destek-300x200.jpg 300w, https:\/\/www.asudeyasamvesaglikmerkezi.com\/wp-content\/uploads\/2020\/08\/yasli-yakini-sosyal-psikolojik-destek-1024x683.jpg 1024w, https:\/\/www.asudeyasamvesaglikmerkezi.com\/wp-content\/uploads\/2020\/08\/yasli-yakini-sosyal-psikolojik-destek.jpg 1170w\" sizes=\"(max-width: 768px) 100vw, 768px\" \/><\/div><\/a>\n\t\t\t\t<div class=\"elementor-post__text\">\n\t\t\t\t<h3 class=\"elementor-post__title\">\n\t\t\t<a href=\"https:\/\/www.asudeyasamvesaglikmerkezi.com\/en\/services\/social-and-psychological-support-to-elderly-relatives\/\" >\n\t\t\t\tSocial and Psychological Support to Elderly Relatives\t\t\t<\/a>\n\t\t<\/h3>\n\t\t\t\t<\/div>\n\t\t\t\t\t<\/div>\n\t\t<\/article>\n\t\t\t\t<article class=\"elementor-post elementor-grid-item post-8933 page type-page status-publish has-post-thumbnail hentry\">\n\t\t\t<div class=\"elementor-post__card\">\n\t\t\t\t<a class=\"elementor-post__thumbnail__link\" href=\"https:\/\/www.asudeyasamvesaglikmerkezi.com\/en\/services\/transfer-of-elderlies-to-our-facilities-accompanied-by-professionals\/\" ><div class=\"elementor-post__thumbnail\"><img width=\"768\" height=\"512\" src=\"https:\/\/www.asudeyasamvesaglikmerkezi.com\/wp-content\/uploads\/2020\/08\/yaslinin-kuruma-transferi-768x512.jpg\" class=\"attachment-medium_large size-medium_large wp-image-8158\" alt=\"\" decoding=\"async\" loading=\"lazy\" srcset=\"https:\/\/www.asudeyasamvesaglikmerkezi.com\/wp-content\/uploads\/2020\/08\/yaslinin-kuruma-transferi-768x512.jpg 768w, https:\/\/www.asudeyasamvesaglikmerkezi.com\/wp-content\/uploads\/2020\/08\/yaslinin-kuruma-transferi-300x200.jpg 300w, https:\/\/www.asudeyasamvesaglikmerkezi.com\/wp-content\/uploads\/2020\/08\/yaslinin-kuruma-transferi-1024x683.jpg 1024w, https:\/\/www.asudeyasamvesaglikmerkezi.com\/wp-content\/uploads\/2020\/08\/yaslinin-kuruma-transferi.jpg 1170w\" sizes=\"(max-width: 768px) 100vw, 768px\" \/><\/div><\/a>\n\t\t\t\t<div class=\"elementor-post__text\">\n\t\t\t\t<h3 class=\"elementor-post__title\">\n\t\t\t<a href=\"https:\/\/www.asudeyasamvesaglikmerkezi.com\/en\/services\/transfer-of-elderlies-to-our-facilities-accompanied-by-professionals\/\" >\n\t\t\t\tTransfer of Elderlies to our Facilities Accompanied by Professionals\t\t\t<\/a>\n\t\t<\/h3>\n\t\t\t\t<\/div>\n\t\t\t\t\t<\/div>\n\t\t<\/article>\n\t\t\t\t<article class=\"elementor-post elementor-grid-item post-8929 page type-page status-publish has-post-thumbnail hentry\">\n\t\t\t<div class=\"elementor-post__card\">\n\t\t\t\t<a class=\"elementor-post__thumbnail__link\" href=\"https:\/\/www.asudeyasamvesaglikmerkezi.com\/en\/services\/geriatric-follow-up\/\" ><div class=\"elementor-post__thumbnail\"><img width=\"768\" height=\"512\" src=\"https:\/\/www.asudeyasamvesaglikmerkezi.com\/wp-content\/uploads\/2024\/03\/geriatri-768x512.jpeg\" class=\"attachment-medium_large size-medium_large wp-image-9862\" alt=\"Female doctor in ursing home taking care of old woman lying in bed.\" decoding=\"async\" loading=\"lazy\" srcset=\"https:\/\/www.asudeyasamvesaglikmerkezi.com\/wp-content\/uploads\/2024\/03\/geriatri-768x512.jpeg 768w, https:\/\/www.asudeyasamvesaglikmerkezi.com\/wp-content\/uploads\/2024\/03\/geriatri-300x200.jpeg 300w, https:\/\/www.asudeyasamvesaglikmerkezi.com\/wp-content\/uploads\/2024\/03\/geriatri-1024x683.jpeg 1024w, https:\/\/www.asudeyasamvesaglikmerkezi.com\/wp-content\/uploads\/2024\/03\/geriatri-1536x1024.jpeg 1536w, https:\/\/www.asudeyasamvesaglikmerkezi.com\/wp-content\/uploads\/2024\/03\/geriatri-2048x1366.jpeg 2048w\" sizes=\"(max-width: 768px) 100vw, 768px\" \/><\/div><\/a>\n\t\t\t\t<div class=\"elementor-post__text\">\n\t\t\t\t<h3 class=\"elementor-post__title\">\n\t\t\t<a href=\"https:\/\/www.asudeyasamvesaglikmerkezi.com\/en\/services\/geriatric-follow-up\/\" >\n\t\t\t\tGeriatric Follow-up\t\t\t<\/a>\n\t\t<\/h3>\n\t\t\t\t<\/div>\n\t\t\t\t\t<\/div>\n\t\t<\/article>\n\t\t\t\t<\/div>\n\t\t\n\t\t\t\t<\/div>\n\t\t\t\t<\/div>\n\t\t\t\t\t\t<\/div>\n\t\t\t\t\t<\/div>\n\t\t<\/div>\n\t\t\t\t\t\t\t\t<\/div>\n\t\t\t\t\t<\/div>\n\t\t<\/section>\n\t\t\t\t\t\t\t<\/div>\n\t\t\t\t<\/div>\n\t\t\n","protected":false},"excerpt":{"rendered":"<p>In case of elderlies with problems related to self-care, medical follow-up and social psychological support in a house environment, or elderlies with neurological or psychological<\/p>\n","protected":false},"author":7,"featured_media":8216,"parent":8939,"menu_order":0,"comment_status":"closed","ping_status":"closed","template":"","meta":[],"_links":{"self":[{"href":"https:\/\/www.asudeyasamvesaglikmerkezi.com\/en\/wp-json\/wp\/v2\/pages\/8935"}],"collection":[{"href":"https:\/\/www.asudeyasamvesaglikmerkezi.com\/en\/wp-json\/wp\/v2\/pages"}],"about":[{"href":"https:\/\/www.asudeyasamvesaglikmerkezi.com\/en\/wp-json\/wp\/v2\/types\/page"}],"author":[{"embeddable":true,"href":"https:\/\/www.asudeyasamvesaglikmerkezi.com\/en\/wp-json\/wp\/v2\/users\/7"}],"replies":[{"embeddable":true,"href":"https:\/\/www.asudeyasamvesaglikmerkezi.com\/en\/wp-json\/wp\/v2\/comments?post=8935"}],"version-history":[{"count":0,"href":"https:\/\/www.asudeyasamvesaglikmerkezi.com\/en\/wp-json\/wp\/v2\/pages\/8935\/revisions"}],"up":[{"embeddable":true,"href":"https:\/\/www.asudeyasamvesaglikmerkezi.com\/en\/wp-json\/wp\/v2\/pages\/8939"}],"wp:featuredmedia":[{"embeddable":true,"href":"https:\/\/www.asudeyasamvesaglikmerkezi.com\/en\/wp-json\/wp\/v2\/media\/8216"}],"wp:attachment":[{"href":"https:\/\/www.asudeyasamvesaglikmerkezi.com\/en\/wp-json\/wp\/v2\/media?parent=8935"}],"curies":[{"name":"wp","href":"https:\/\/api.w.org\/{rel}","templated":true}]}}