{"id":8918,"date":"2020-08-13T01:30:36","date_gmt":"2020-08-12T22:30:36","guid":{"rendered":"https:\/\/www.asudeyasamvesaglikmerkezi.com\/kurum-disi-saglik-hizmet-takip-ve-refakat\/"},"modified":"2023-04-09T18:17:34","modified_gmt":"2023-04-09T15:17:34","slug":"einweisungsverfahren-fuer-aeltere-menschen-in-die-einrichtung-in-begleitung-einer-fachkraft","status":"publish","type":"page","link":"https:\/\/www.asudeyasamvesaglikmerkezi.com\/de\/unsere-leistungen\/einweisungsverfahren-fuer-aeltere-menschen-in-die-einrichtung-in-begleitung-einer-fachkraft\/","title":{"rendered":"Einweisungsverfahren f\u00fcr \u00e4ltere Menschen in die Einrichtung in Begleitung einer Fachkraft"},"content":{"rendered":"\n<p>In \u00dcbereinstimmung mit den Feststellungen, die \u00fcber unseren \u00e4lteren Bewohner in der bisherigen Umgebung getroffen wurden, wird ein Transferprogramm mit den Angeh\u00f6rigen geplant, nachdem entschieden wurde, in welcher Art von Fahrzeug die \u00e4ltere Person transportiert werden soll, ob ein Krankenwagen ben\u00f6tigt wird oder ob er von den Fahrzeugen unserer Einrichtung abgeholt werden kann. Unsere Experten, die fachkundig in der Psychologie sind, setzen dann das Transferprogramm auf die richtige Art und Weise um. Der Transfer der Einrichtung beginnt bei dem Angeh\u00f6rigen, und das andere Team der Einrichtung wartet freundlich an der T\u00fcr der Einrichtung und f\u00fchrt den Anmeldungsprozess zur Einrichtung so durch, dass unsere Bewohner sich geehrt f\u00fchlen.<\/p>\n\n\n\n<p>Die Daten, die durch die soziale Untersuchung am bisherigen Wohnort des \u00e4lteren Menschen und die von den Experten unserer Einrichtung durchgef\u00fchrten Transferverfahren, sowie die Begr\u00fc\u00dfungszeremonie an der T\u00fcr erhalten wurden, beschleunigen das Einleben \u00e4lterer Menschen in die Einrichtung und beseitigen den soziologischen und psychologischen Druck des Prozessen.<\/p>\n\n\n\t\t<div data-elementor-type=\"section\" data-elementor-id=\"8978\" class=\"elementor elementor-8978 elementor-6851\">\n\t\t\t\t\t<div class=\"elementor-section-wrap\">\n\t\t\t\t\t\t\t\t<section class=\"elementor-section elementor-top-section elementor-element elementor-element-df41377 elementor-section-boxed elementor-section-height-default elementor-section-height-default\" data-id=\"df41377\" data-element_type=\"section\">\n\t\t\t\t\t\t<div class=\"elementor-container elementor-column-gap-default\">\n\t\t\t\t\t\t\t<div class=\"elementor-row\">\n\t\t\t\t\t<div class=\"elementor-column elementor-col-100 elementor-top-column elementor-element elementor-element-6facf0a\" data-id=\"6facf0a\" data-element_type=\"column\">\n\t\t\t<div class=\"elementor-column-wrap elementor-element-populated\">\n\t\t\t\t\t\t\t<div class=\"elementor-widget-wrap\">\n\t\t\t\t\t\t<div class=\"elementor-element elementor-element-e5589ca elementor-widget elementor-widget-heading\" data-id=\"e5589ca\" data-element_type=\"widget\" data-widget_type=\"heading.default\">\n\t\t\t\t<div class=\"elementor-widget-container\">\n\t\t\t<h2 class=\"elementor-heading-title elementor-size-default\">Unsere Dienstleistungen<\/h2>\t\t<\/div>\n\t\t\t\t<\/div>\n\t\t\t\t<div class=\"elementor-element elementor-element-dea2eca elementor-widget-divider--view-line elementor-widget elementor-widget-divider\" data-id=\"dea2eca\" data-element_type=\"widget\" data-widget_type=\"divider.default\">\n\t\t\t\t<div class=\"elementor-widget-container\">\n\t\t\t\t\t<div class=\"elementor-divider\">\n\t\t\t<span class=\"elementor-divider-separator\">\n\t\t\t\t\t\t<\/span>\n\t\t<\/div>\n\t\t\t\t<\/div>\n\t\t\t\t<\/div>\n\t\t\t\t<div class=\"elementor-element elementor-element-45a784f elementor-posts__hover-none elementor-grid-3 elementor-grid-tablet-2 elementor-grid-mobile-1 elementor-posts--thumbnail-top elementor-card-shadow-yes elementor-widget elementor-widget-posts\" data-id=\"45a784f\" data-element_type=\"widget\" data-settings=\"{&quot;cards_row_gap&quot;:{&quot;unit&quot;:&quot;px&quot;,&quot;size&quot;:30,&quot;sizes&quot;:[]},&quot;cards_columns&quot;:&quot;3&quot;,&quot;cards_columns_tablet&quot;:&quot;2&quot;,&quot;cards_columns_mobile&quot;:&quot;1&quot;,&quot;cards_row_gap_tablet&quot;:{&quot;unit&quot;:&quot;px&quot;,&quot;size&quot;:&quot;&quot;,&quot;sizes&quot;:[]},&quot;cards_row_gap_mobile&quot;:{&quot;unit&quot;:&quot;px&quot;,&quot;size&quot;:&quot;&quot;,&quot;sizes&quot;:[]}}\" data-widget_type=\"posts.cards\">\n\t\t\t\t<div class=\"elementor-widget-container\">\n\t\t\t\t\t<div class=\"elementor-posts-container elementor-posts elementor-posts--skin-cards elementor-grid\">\n\t\t\t\t<article class=\"elementor-post elementor-grid-item post-8938 page type-page status-publish has-post-thumbnail hentry\">\n\t\t\t<div class=\"elementor-post__card\">\n\t\t\t\t<a class=\"elementor-post__thumbnail__link\" href=\"https:\/\/www.asudeyasamvesaglikmerkezi.com\/de\/unsere-leistungen\/angemessene-ernaehrung\/\" ><div class=\"elementor-post__thumbnail\"><img width=\"768\" height=\"432\" src=\"https:\/\/www.asudeyasamvesaglikmerkezi.com\/wp-content\/uploads\/2026\/02\/uygunbeslenme-768x432.jpg\" class=\"attachment-medium_large size-medium_large wp-image-11305\" alt=\"Uygun Beslenme\" decoding=\"async\" loading=\"lazy\" srcset=\"https:\/\/www.asudeyasamvesaglikmerkezi.com\/wp-content\/uploads\/2026\/02\/uygunbeslenme-768x432.jpg 768w, https:\/\/www.asudeyasamvesaglikmerkezi.com\/wp-content\/uploads\/2026\/02\/uygunbeslenme-300x169.jpg 300w, https:\/\/www.asudeyasamvesaglikmerkezi.com\/wp-content\/uploads\/2026\/02\/uygunbeslenme-1024x576.jpg 1024w, https:\/\/www.asudeyasamvesaglikmerkezi.com\/wp-content\/uploads\/2026\/02\/uygunbeslenme-1536x864.jpg 1536w, https:\/\/www.asudeyasamvesaglikmerkezi.com\/wp-content\/uploads\/2026\/02\/uygunbeslenme.jpg 1920w\" sizes=\"(max-width: 768px) 100vw, 768px\" \/><\/div><\/a>\n\t\t\t\t<div class=\"elementor-post__text\">\n\t\t\t\t<h3 class=\"elementor-post__title\">\n\t\t\t<a href=\"https:\/\/www.asudeyasamvesaglikmerkezi.com\/de\/unsere-leistungen\/angemessene-ernaehrung\/\" >\n\t\t\t\tAngemessene Ern\u00e4hrung\t\t\t<\/a>\n\t\t<\/h3>\n\t\t\t\t<\/div>\n\t\t\t\t\t<\/div>\n\t\t<\/article>\n\t\t\t\t<article class=\"elementor-post elementor-grid-item post-8930 page type-page status-publish has-post-thumbnail hentry\">\n\t\t\t<div class=\"elementor-post__card\">\n\t\t\t\t<a class=\"elementor-post__thumbnail__link\" href=\"https:\/\/www.asudeyasamvesaglikmerkezi.com\/de\/unsere-leistungen\/geriatrische-verfolgung\/\" ><div class=\"elementor-post__thumbnail\"><img width=\"768\" height=\"512\" src=\"https:\/\/www.asudeyasamvesaglikmerkezi.com\/wp-content\/uploads\/2024\/03\/geriatri-768x512.jpeg\" class=\"attachment-medium_large size-medium_large wp-image-9863\" alt=\"Female doctor in ursing home taking care of old woman lying in bed.\" decoding=\"async\" loading=\"lazy\" srcset=\"https:\/\/www.asudeyasamvesaglikmerkezi.com\/wp-content\/uploads\/2024\/03\/geriatri-768x512.jpeg 768w, https:\/\/www.asudeyasamvesaglikmerkezi.com\/wp-content\/uploads\/2024\/03\/geriatri-300x200.jpeg 300w, https:\/\/www.asudeyasamvesaglikmerkezi.com\/wp-content\/uploads\/2024\/03\/geriatri-1024x683.jpeg 1024w, https:\/\/www.asudeyasamvesaglikmerkezi.com\/wp-content\/uploads\/2024\/03\/geriatri-1536x1024.jpeg 1536w, https:\/\/www.asudeyasamvesaglikmerkezi.com\/wp-content\/uploads\/2024\/03\/geriatri-2048x1366.jpeg 2048w\" sizes=\"(max-width: 768px) 100vw, 768px\" \/><\/div><\/a>\n\t\t\t\t<div class=\"elementor-post__text\">\n\t\t\t\t<h3 class=\"elementor-post__title\">\n\t\t\t<a href=\"https:\/\/www.asudeyasamvesaglikmerkezi.com\/de\/unsere-leistungen\/geriatrische-verfolgung\/\" >\n\t\t\t\tGeriatrische Verfolgung\t\t\t<\/a>\n\t\t<\/h3>\n\t\t\t\t<\/div>\n\t\t\t\t\t<\/div>\n\t\t<\/article>\n\t\t\t\t<article class=\"elementor-post elementor-grid-item post-8932 page type-page status-publish has-post-thumbnail hentry\">\n\t\t\t<div class=\"elementor-post__card\">\n\t\t\t\t<a class=\"elementor-post__thumbnail__link\" href=\"https:\/\/www.asudeyasamvesaglikmerkezi.com\/de\/unsere-leistungen\/medizinische-verfolgung-durch-unsere-aerzte\/\" ><div class=\"elementor-post__thumbnail\"><img width=\"768\" height=\"432\" src=\"https:\/\/www.asudeyasamvesaglikmerkezi.com\/wp-content\/uploads\/2026\/02\/doktorlarimiztarafindanmedikaltakip-768x432.jpg\" class=\"attachment-medium_large size-medium_large wp-image-11274\" alt=\"Doktorlar\u0131m\u0131z taraf\u0131ndan medikal takip\" decoding=\"async\" loading=\"lazy\" srcset=\"https:\/\/www.asudeyasamvesaglikmerkezi.com\/wp-content\/uploads\/2026\/02\/doktorlarimiztarafindanmedikaltakip-768x432.jpg 768w, https:\/\/www.asudeyasamvesaglikmerkezi.com\/wp-content\/uploads\/2026\/02\/doktorlarimiztarafindanmedikaltakip-300x169.jpg 300w, https:\/\/www.asudeyasamvesaglikmerkezi.com\/wp-content\/uploads\/2026\/02\/doktorlarimiztarafindanmedikaltakip-1024x576.jpg 1024w, https:\/\/www.asudeyasamvesaglikmerkezi.com\/wp-content\/uploads\/2026\/02\/doktorlarimiztarafindanmedikaltakip-1536x864.jpg 1536w, https:\/\/www.asudeyasamvesaglikmerkezi.com\/wp-content\/uploads\/2026\/02\/doktorlarimiztarafindanmedikaltakip.jpg 1920w\" sizes=\"(max-width: 768px) 100vw, 768px\" \/><\/div><\/a>\n\t\t\t\t<div class=\"elementor-post__text\">\n\t\t\t\t<h3 class=\"elementor-post__title\">\n\t\t\t<a href=\"https:\/\/www.asudeyasamvesaglikmerkezi.com\/de\/unsere-leistungen\/medizinische-verfolgung-durch-unsere-aerzte\/\" >\n\t\t\t\tMedizinische Verfolgung durch unsere \u00c4rzte\t\t\t<\/a>\n\t\t<\/h3>\n\t\t\t\t<\/div>\n\t\t\t\t\t<\/div>\n\t\t<\/article>\n\t\t\t\t<article class=\"elementor-post elementor-grid-item post-8920 page type-page status-publish has-post-thumbnail hentry\">\n\t\t\t<div class=\"elementor-post__card\">\n\t\t\t\t<a class=\"elementor-post__thumbnail__link\" href=\"https:\/\/www.asudeyasamvesaglikmerkezi.com\/de\/unsere-leistungen\/palliative-pflege-und-dienstleistungen-nach-der-intensivpflege\/\" ><div class=\"elementor-post__thumbnail\"><img width=\"768\" height=\"432\" src=\"https:\/\/www.asudeyasamvesaglikmerkezi.com\/wp-content\/uploads\/2026\/02\/palyatifyogunbakim-768x432.jpg\" class=\"attachment-medium_large size-medium_large wp-image-11295\" alt=\"Palyatif Yo\u011fun Bak\u0131m\" decoding=\"async\" loading=\"lazy\" srcset=\"https:\/\/www.asudeyasamvesaglikmerkezi.com\/wp-content\/uploads\/2026\/02\/palyatifyogunbakim-768x432.jpg 768w, https:\/\/www.asudeyasamvesaglikmerkezi.com\/wp-content\/uploads\/2026\/02\/palyatifyogunbakim-300x169.jpg 300w, https:\/\/www.asudeyasamvesaglikmerkezi.com\/wp-content\/uploads\/2026\/02\/palyatifyogunbakim-1024x576.jpg 1024w, https:\/\/www.asudeyasamvesaglikmerkezi.com\/wp-content\/uploads\/2026\/02\/palyatifyogunbakim-1536x864.jpg 1536w, https:\/\/www.asudeyasamvesaglikmerkezi.com\/wp-content\/uploads\/2026\/02\/palyatifyogunbakim.jpg 1920w\" sizes=\"(max-width: 768px) 100vw, 768px\" \/><\/div><\/a>\n\t\t\t\t<div class=\"elementor-post__text\">\n\t\t\t\t<h3 class=\"elementor-post__title\">\n\t\t\t<a href=\"https:\/\/www.asudeyasamvesaglikmerkezi.com\/de\/unsere-leistungen\/palliative-pflege-und-dienstleistungen-nach-der-intensivpflege\/\" >\n\t\t\t\tPalliative Pflege und Dienstleistungen nach der Intensivpflege\t\t\t<\/a>\n\t\t<\/h3>\n\t\t\t\t<\/div>\n\t\t\t\t\t<\/div>\n\t\t<\/article>\n\t\t\t\t<article class=\"elementor-post elementor-grid-item post-8926 page type-page status-publish has-post-thumbnail hentry\">\n\t\t\t<div class=\"elementor-post__card\">\n\t\t\t\t<a class=\"elementor-post__thumbnail__link\" href=\"https:\/\/www.asudeyasamvesaglikmerkezi.com\/de\/unsere-leistungen\/selbstpflege\/\" ><div class=\"elementor-post__thumbnail\"><img width=\"768\" height=\"512\" src=\"https:\/\/www.asudeyasamvesaglikmerkezi.com\/wp-content\/uploads\/2020\/08\/oz-bakim-768x512.jpg\" class=\"attachment-medium_large size-medium_large wp-image-8161\" alt=\"\" decoding=\"async\" loading=\"lazy\" srcset=\"https:\/\/www.asudeyasamvesaglikmerkezi.com\/wp-content\/uploads\/2020\/08\/oz-bakim-768x512.jpg 768w, https:\/\/www.asudeyasamvesaglikmerkezi.com\/wp-content\/uploads\/2020\/08\/oz-bakim-300x200.jpg 300w, https:\/\/www.asudeyasamvesaglikmerkezi.com\/wp-content\/uploads\/2020\/08\/oz-bakim-1024x683.jpg 1024w, https:\/\/www.asudeyasamvesaglikmerkezi.com\/wp-content\/uploads\/2020\/08\/oz-bakim.jpg 1170w\" sizes=\"(max-width: 768px) 100vw, 768px\" \/><\/div><\/a>\n\t\t\t\t<div class=\"elementor-post__text\">\n\t\t\t\t<h3 class=\"elementor-post__title\">\n\t\t\t<a href=\"https:\/\/www.asudeyasamvesaglikmerkezi.com\/de\/unsere-leistungen\/selbstpflege\/\" >\n\t\t\t\tSelbstpflege\t\t\t<\/a>\n\t\t<\/h3>\n\t\t\t\t<\/div>\n\t\t\t\t\t<\/div>\n\t\t<\/article>\n\t\t\t\t<article class=\"elementor-post elementor-grid-item post-8916 page type-page status-publish has-post-thumbnail hentry\">\n\t\t\t<div class=\"elementor-post__card\">\n\t\t\t\t<a class=\"elementor-post__thumbnail__link\" href=\"https:\/\/www.asudeyasamvesaglikmerkezi.com\/de\/unsere-leistungen\/soziale-und-psychologische-unterstutzung-fur-die-angehorigen-alterer-menschen\/\" ><div class=\"elementor-post__thumbnail\"><img width=\"768\" height=\"512\" src=\"https:\/\/www.asudeyasamvesaglikmerkezi.com\/wp-content\/uploads\/2020\/08\/yasli-yakini-sosyal-psikolojik-destek-768x512.jpg\" class=\"attachment-medium_large size-medium_large wp-image-8173\" alt=\"\" decoding=\"async\" loading=\"lazy\" srcset=\"https:\/\/www.asudeyasamvesaglikmerkezi.com\/wp-content\/uploads\/2020\/08\/yasli-yakini-sosyal-psikolojik-destek-768x512.jpg 768w, https:\/\/www.asudeyasamvesaglikmerkezi.com\/wp-content\/uploads\/2020\/08\/yasli-yakini-sosyal-psikolojik-destek-300x200.jpg 300w, https:\/\/www.asudeyasamvesaglikmerkezi.com\/wp-content\/uploads\/2020\/08\/yasli-yakini-sosyal-psikolojik-destek-1024x683.jpg 1024w, https:\/\/www.asudeyasamvesaglikmerkezi.com\/wp-content\/uploads\/2020\/08\/yasli-yakini-sosyal-psikolojik-destek.jpg 1170w\" sizes=\"(max-width: 768px) 100vw, 768px\" \/><\/div><\/a>\n\t\t\t\t<div class=\"elementor-post__text\">\n\t\t\t\t<h3 class=\"elementor-post__title\">\n\t\t\t<a href=\"https:\/\/www.asudeyasamvesaglikmerkezi.com\/de\/unsere-leistungen\/soziale-und-psychologische-unterstutzung-fur-die-angehorigen-alterer-menschen\/\" >\n\t\t\t\tSoziale und psychologische Unterst\u00fctzung f\u00fcr die Angeh\u00f6rigen \u00e4lterer Menschen\t\t\t<\/a>\n\t\t<\/h3>\n\t\t\t\t<\/div>\n\t\t\t\t\t<\/div>\n\t\t<\/article>\n\t\t\t\t<article class=\"elementor-post elementor-grid-item post-8936 page type-page status-publish has-post-thumbnail hentry\">\n\t\t\t<div class=\"elementor-post__card\">\n\t\t\t\t<a class=\"elementor-post__thumbnail__link\" href=\"https:\/\/www.asudeyasamvesaglikmerkezi.com\/de\/unsere-leistungen\/sozialer-besuch-in-der-eigenen-umgebung-alterer-menschen-nach-antragstellung-kostenlos\/\" ><div class=\"elementor-post__thumbnail\"><img width=\"768\" height=\"512\" src=\"https:\/\/www.asudeyasamvesaglikmerkezi.com\/wp-content\/uploads\/2020\/09\/muracatin-akabinde-768x512.jpg\" class=\"attachment-medium_large size-medium_large wp-image-8217\" alt=\"\" decoding=\"async\" loading=\"lazy\" srcset=\"https:\/\/www.asudeyasamvesaglikmerkezi.com\/wp-content\/uploads\/2020\/09\/muracatin-akabinde-768x512.jpg 768w, https:\/\/www.asudeyasamvesaglikmerkezi.com\/wp-content\/uploads\/2020\/09\/muracatin-akabinde-300x200.jpg 300w, https:\/\/www.asudeyasamvesaglikmerkezi.com\/wp-content\/uploads\/2020\/09\/muracatin-akabinde-1024x683.jpg 1024w, https:\/\/www.asudeyasamvesaglikmerkezi.com\/wp-content\/uploads\/2020\/09\/muracatin-akabinde.jpg 1170w\" sizes=\"(max-width: 768px) 100vw, 768px\" \/><\/div><\/a>\n\t\t\t\t<div class=\"elementor-post__text\">\n\t\t\t\t<h3 class=\"elementor-post__title\">\n\t\t\t<a href=\"https:\/\/www.asudeyasamvesaglikmerkezi.com\/de\/unsere-leistungen\/sozialer-besuch-in-der-eigenen-umgebung-alterer-menschen-nach-antragstellung-kostenlos\/\" >\n\t\t\t\tSozialer Besuch in der eigenen Umgebung \u00e4lterer Menschen nach Antragstellung (kostenlos)\t\t\t<\/a>\n\t\t<\/h3>\n\t\t\t\t<\/div>\n\t\t\t\t\t<\/div>\n\t\t<\/article>\n\t\t\t\t<article class=\"elementor-post elementor-grid-item post-8928 page type-page status-publish has-post-thumbnail hentry\">\n\t\t\t<div class=\"elementor-post__card\">\n\t\t\t\t<a class=\"elementor-post__thumbnail__link\" href=\"https:\/\/www.asudeyasamvesaglikmerkezi.com\/de\/unsere-leistungen\/sozialpsychologische-betreuung\/\" ><div class=\"elementor-post__thumbnail\"><img width=\"768\" height=\"432\" src=\"https:\/\/www.asudeyasamvesaglikmerkezi.com\/wp-content\/uploads\/2026\/02\/sosyalpsikolojikdestek-768x432.jpg\" class=\"attachment-medium_large size-medium_large wp-image-11298\" alt=\"Sosyal Psikolojik Destek\" decoding=\"async\" loading=\"lazy\" srcset=\"https:\/\/www.asudeyasamvesaglikmerkezi.com\/wp-content\/uploads\/2026\/02\/sosyalpsikolojikdestek-768x432.jpg 768w, https:\/\/www.asudeyasamvesaglikmerkezi.com\/wp-content\/uploads\/2026\/02\/sosyalpsikolojikdestek-300x169.jpg 300w, https:\/\/www.asudeyasamvesaglikmerkezi.com\/wp-content\/uploads\/2026\/02\/sosyalpsikolojikdestek-1024x576.jpg 1024w, https:\/\/www.asudeyasamvesaglikmerkezi.com\/wp-content\/uploads\/2026\/02\/sosyalpsikolojikdestek-1536x864.jpg 1536w, https:\/\/www.asudeyasamvesaglikmerkezi.com\/wp-content\/uploads\/2026\/02\/sosyalpsikolojikdestek.jpg 1920w\" sizes=\"(max-width: 768px) 100vw, 768px\" \/><\/div><\/a>\n\t\t\t\t<div class=\"elementor-post__text\">\n\t\t\t\t<h3 class=\"elementor-post__title\">\n\t\t\t<a href=\"https:\/\/www.asudeyasamvesaglikmerkezi.com\/de\/unsere-leistungen\/sozialpsychologische-betreuung\/\" >\n\t\t\t\tSozialpsychologische Betreuung\t\t\t<\/a>\n\t\t<\/h3>\n\t\t\t\t<\/div>\n\t\t\t\t\t<\/div>\n\t\t<\/article>\n\t\t\t\t<article class=\"elementor-post elementor-grid-item post-8922 page type-page status-publish has-post-thumbnail hentry\">\n\t\t\t<div class=\"elementor-post__card\">\n\t\t\t\t<a class=\"elementor-post__thumbnail__link\" href=\"https:\/\/www.asudeyasamvesaglikmerkezi.com\/de\/unsere-leistungen\/stationare-physiotherapie\/\" ><div class=\"elementor-post__thumbnail\"><img width=\"768\" height=\"432\" src=\"https:\/\/www.asudeyasamvesaglikmerkezi.com\/wp-content\/uploads\/2026\/02\/yatarakfiziktedavi-768x432.jpg\" class=\"attachment-medium_large size-medium_large wp-image-11312\" alt=\"Yatarak Fizik Tedavi\" decoding=\"async\" loading=\"lazy\" srcset=\"https:\/\/www.asudeyasamvesaglikmerkezi.com\/wp-content\/uploads\/2026\/02\/yatarakfiziktedavi-768x432.jpg 768w, https:\/\/www.asudeyasamvesaglikmerkezi.com\/wp-content\/uploads\/2026\/02\/yatarakfiziktedavi-300x169.jpg 300w, https:\/\/www.asudeyasamvesaglikmerkezi.com\/wp-content\/uploads\/2026\/02\/yatarakfiziktedavi-1024x576.jpg 1024w, https:\/\/www.asudeyasamvesaglikmerkezi.com\/wp-content\/uploads\/2026\/02\/yatarakfiziktedavi-1536x864.jpg 1536w, https:\/\/www.asudeyasamvesaglikmerkezi.com\/wp-content\/uploads\/2026\/02\/yatarakfiziktedavi.jpg 1920w\" sizes=\"(max-width: 768px) 100vw, 768px\" \/><\/div><\/a>\n\t\t\t\t<div class=\"elementor-post__text\">\n\t\t\t\t<h3 class=\"elementor-post__title\">\n\t\t\t<a href=\"https:\/\/www.asudeyasamvesaglikmerkezi.com\/de\/unsere-leistungen\/stationare-physiotherapie\/\" >\n\t\t\t\tStation\u00e4re Physiotherapie\t\t\t<\/a>\n\t\t<\/h3>\n\t\t\t\t<\/div>\n\t\t\t\t\t<\/div>\n\t\t<\/article>\n\t\t\t\t<article class=\"elementor-post elementor-grid-item post-8924 page type-page status-publish has-post-thumbnail hentry\">\n\t\t\t<div class=\"elementor-post__card\">\n\t\t\t\t<a class=\"elementor-post__thumbnail__link\" href=\"https:\/\/www.asudeyasamvesaglikmerkezi.com\/de\/unsere-leistungen\/wundversorgung\/\" ><div class=\"elementor-post__thumbnail\"><img width=\"768\" height=\"512\" src=\"https:\/\/www.asudeyasamvesaglikmerkezi.com\/wp-content\/uploads\/2020\/08\/yara-bakim-768x512.jpg\" class=\"attachment-medium_large size-medium_large wp-image-8163\" alt=\"\" decoding=\"async\" loading=\"lazy\" srcset=\"https:\/\/www.asudeyasamvesaglikmerkezi.com\/wp-content\/uploads\/2020\/08\/yara-bakim-768x512.jpg 768w, https:\/\/www.asudeyasamvesaglikmerkezi.com\/wp-content\/uploads\/2020\/08\/yara-bakim-300x200.jpg 300w, https:\/\/www.asudeyasamvesaglikmerkezi.com\/wp-content\/uploads\/2020\/08\/yara-bakim-1024x683.jpg 1024w, https:\/\/www.asudeyasamvesaglikmerkezi.com\/wp-content\/uploads\/2020\/08\/yara-bakim.jpg 1170w\" sizes=\"(max-width: 768px) 100vw, 768px\" \/><\/div><\/a>\n\t\t\t\t<div class=\"elementor-post__text\">\n\t\t\t\t<h3 class=\"elementor-post__title\">\n\t\t\t<a href=\"https:\/\/www.asudeyasamvesaglikmerkezi.com\/de\/unsere-leistungen\/wundversorgung\/\" >\n\t\t\t\tWundversorgung\t\t\t<\/a>\n\t\t<\/h3>\n\t\t\t\t<\/div>\n\t\t\t\t\t<\/div>\n\t\t<\/article>\n\t\t\t\t<article class=\"elementor-post elementor-grid-item post-8918 page type-page status-publish has-post-thumbnail hentry\">\n\t\t\t<div class=\"elementor-post__card\">\n\t\t\t\t<a class=\"elementor-post__thumbnail__link\" href=\"https:\/\/www.asudeyasamvesaglikmerkezi.com\/de\/unsere-leistungen\/einweisungsverfahren-fuer-aeltere-menschen-in-die-einrichtung-in-begleitung-einer-fachkraft\/\" ><div class=\"elementor-post__thumbnail\"><img width=\"768\" height=\"512\" src=\"https:\/\/www.asudeyasamvesaglikmerkezi.com\/wp-content\/uploads\/2020\/09\/kurum-disi-saglik-hizmetleri_v3-768x512.jpg\" class=\"attachment-medium_large size-medium_large wp-image-8227\" alt=\"\" decoding=\"async\" loading=\"lazy\" srcset=\"https:\/\/www.asudeyasamvesaglikmerkezi.com\/wp-content\/uploads\/2020\/09\/kurum-disi-saglik-hizmetleri_v3-768x512.jpg 768w, https:\/\/www.asudeyasamvesaglikmerkezi.com\/wp-content\/uploads\/2020\/09\/kurum-disi-saglik-hizmetleri_v3-300x200.jpg 300w, https:\/\/www.asudeyasamvesaglikmerkezi.com\/wp-content\/uploads\/2020\/09\/kurum-disi-saglik-hizmetleri_v3-1024x683.jpg 1024w, https:\/\/www.asudeyasamvesaglikmerkezi.com\/wp-content\/uploads\/2020\/09\/kurum-disi-saglik-hizmetleri_v3.jpg 1170w\" sizes=\"(max-width: 768px) 100vw, 768px\" \/><\/div><\/a>\n\t\t\t\t<div class=\"elementor-post__text\">\n\t\t\t\t<h3 class=\"elementor-post__title\">\n\t\t\t<a href=\"https:\/\/www.asudeyasamvesaglikmerkezi.com\/de\/unsere-leistungen\/einweisungsverfahren-fuer-aeltere-menschen-in-die-einrichtung-in-begleitung-einer-fachkraft\/\" >\n\t\t\t\tEinweisungsverfahren f\u00fcr \u00e4ltere Menschen in die Einrichtung in Begleitung einer Fachkraft\t\t\t<\/a>\n\t\t<\/h3>\n\t\t\t\t<\/div>\n\t\t\t\t\t<\/div>\n\t\t<\/article>\n\t\t\t\t<article class=\"elementor-post elementor-grid-item post-8934 page type-page status-publish has-post-thumbnail hentry\">\n\t\t\t<div class=\"elementor-post__card\">\n\t\t\t\t<a class=\"elementor-post__thumbnail__link\" href=\"https:\/\/www.asudeyasamvesaglikmerkezi.com\/de\/unsere-leistungen\/uberfuhrungsverfahren-alterer-menschen-in-begleitung-eines-sachverstandigen-in-die-einrichtung\/\" ><div class=\"elementor-post__thumbnail\"><img width=\"768\" height=\"512\" src=\"https:\/\/www.asudeyasamvesaglikmerkezi.com\/wp-content\/uploads\/2020\/08\/yaslinin-kuruma-transferi-768x512.jpg\" class=\"attachment-medium_large size-medium_large wp-image-8159\" alt=\"\" decoding=\"async\" loading=\"lazy\" srcset=\"https:\/\/www.asudeyasamvesaglikmerkezi.com\/wp-content\/uploads\/2020\/08\/yaslinin-kuruma-transferi-768x512.jpg 768w, https:\/\/www.asudeyasamvesaglikmerkezi.com\/wp-content\/uploads\/2020\/08\/yaslinin-kuruma-transferi-300x200.jpg 300w, https:\/\/www.asudeyasamvesaglikmerkezi.com\/wp-content\/uploads\/2020\/08\/yaslinin-kuruma-transferi-1024x683.jpg 1024w, https:\/\/www.asudeyasamvesaglikmerkezi.com\/wp-content\/uploads\/2020\/08\/yaslinin-kuruma-transferi.jpg 1170w\" sizes=\"(max-width: 768px) 100vw, 768px\" \/><\/div><\/a>\n\t\t\t\t<div class=\"elementor-post__text\">\n\t\t\t\t<h3 class=\"elementor-post__title\">\n\t\t\t<a href=\"https:\/\/www.asudeyasamvesaglikmerkezi.com\/de\/unsere-leistungen\/uberfuhrungsverfahren-alterer-menschen-in-begleitung-eines-sachverstandigen-in-die-einrichtung\/\" >\n\t\t\t\t\u00dcberf\u00fchrungsverfahren \u00e4lterer Menschen in Begleitung eines Sachverst\u00e4ndigen in die Einrichtung\t\t\t<\/a>\n\t\t<\/h3>\n\t\t\t\t<\/div>\n\t\t\t\t\t<\/div>\n\t\t<\/article>\n\t\t\t\t<\/div>\n\t\t\n\t\t\t\t<\/div>\n\t\t\t\t<\/div>\n\t\t\t\t\t\t<\/div>\n\t\t\t\t\t<\/div>\n\t\t<\/div>\n\t\t\t\t\t\t\t\t<\/div>\n\t\t\t\t\t<\/div>\n\t\t<\/section>\n\t\t\t\t\t\t\t<\/div>\n\t\t\t\t<\/div>\n\t\t\n","protected":false},"excerpt":{"rendered":"<p>In \u00dcbereinstimmung mit den Feststellungen, die \u00fcber unseren \u00e4lteren Bewohner in der bisherigen Umgebung getroffen wurden, wird ein Transferprogramm mit den Angeh\u00f6rigen geplant, nachdem entschieden<\/p>\n","protected":false},"author":7,"featured_media":8227,"parent":8940,"menu_order":0,"comment_status":"closed","ping_status":"closed","template":"","meta":[],"_links":{"self":[{"href":"https:\/\/www.asudeyasamvesaglikmerkezi.com\/de\/wp-json\/wp\/v2\/pages\/8918"}],"collection":[{"href":"https:\/\/www.asudeyasamvesaglikmerkezi.com\/de\/wp-json\/wp\/v2\/pages"}],"about":[{"href":"https:\/\/www.asudeyasamvesaglikmerkezi.com\/de\/wp-json\/wp\/v2\/types\/page"}],"author":[{"embeddable":true,"href":"https:\/\/www.asudeyasamvesaglikmerkezi.com\/de\/wp-json\/wp\/v2\/users\/7"}],"replies":[{"embeddable":true,"href":"https:\/\/www.asudeyasamvesaglikmerkezi.com\/de\/wp-json\/wp\/v2\/comments?post=8918"}],"version-history":[{"count":0,"href":"https:\/\/www.asudeyasamvesaglikmerkezi.com\/de\/wp-json\/wp\/v2\/pages\/8918\/revisions"}],"up":[{"embeddable":true,"href":"https:\/\/www.asudeyasamvesaglikmerkezi.com\/de\/wp-json\/wp\/v2\/pages\/8940"}],"wp:featuredmedia":[{"embeddable":true,"href":"https:\/\/www.asudeyasamvesaglikmerkezi.com\/de\/wp-json\/wp\/v2\/media\/8227"}],"wp:attachment":[{"href":"https:\/\/www.asudeyasamvesaglikmerkezi.com\/de\/wp-json\/wp\/v2\/media?parent=8918"}],"curies":[{"name":"wp","href":"https:\/\/api.w.org\/{rel}","templated":true}]}}