{"id":8892,"date":"2020-08-13T11:12:46","date_gmt":"2020-08-13T08:12:46","guid":{"rendered":"https:\/\/www.asudeyasamvesaglikmerkezi.com\/iletisim-bilgileri\/"},"modified":"2023-04-09T19:05:39","modified_gmt":"2023-04-09T16:05:39","slug":"kontaktinformation","status":"publish","type":"page","link":"https:\/\/www.asudeyasamvesaglikmerkezi.com\/de\/humanressourcen\/kontaktinformation\/","title":{"rendered":"Kontaktinformation"},"content":{"rendered":"<p><strong style=\"outline: none; margin: 0px; padding: 0px; font-weight: bold; color: #313131; font-family: Muli, sans-serif; font-size: 15px;\">\u00c7aml\u0131ca Asude Lebens und Gesundheitszentrum<\/strong><br style=\"outline: none; margin: 0px; padding: 0px; color: #313131; font-family: Muli, sans-serif; font-size: 15px;\" \/>Adresse: K\u0131s\u0131kl\u0131 Mah. Gurbet Sok. Nr.: 6 34692 \u00dcmraniye-\u0130stanbul \/ T\u00fcrkei<br style=\"outline: none; margin: 0px; padding: 0px; color: #313131; font-family: Muli, sans-serif; font-size: 15px;\" \/>Tel 1: (0216) 321 00 69<br style=\"outline: none; margin: 0px; padding: 0px; color: #313131; font-family: Muli, sans-serif; font-size: 15px;\" \/>Tel. 2: (0216) 321 00 89<br style=\"outline: none; margin: 0px; padding: 0px; color: #313131; font-family: Muli, sans-serif; font-size: 15px;\" \/>Tel. 3: (0216) 316 02 08<br style=\"outline: none; margin: 0px; padding: 0px; color: #313131; font-family: Muli, sans-serif; font-size: 15px;\" \/>Fax: (0216) 321 13 16<br style=\"outline: none; margin: 0px; padding: 0px; color: #313131; font-family: Muli, sans-serif; font-size: 15px;\" \/>info@asudehuzurevi.com.tr [Management]<br style=\"outline: none; margin: 0px; padding: 0px; color: #313131; font-family: Muli, sans-serif; font-size: 15px;\" \/>ik@asudehuzurevi.com.tr [Personalabteilung]<\/p>\n<p><strong style=\"outline: none; margin: 0px; padding: 0px; font-weight: bold; color: #313131; font-family: Muli, sans-serif; font-size: 15px;\">Mecidiyek\u00f6y Asude Lebens und Gesundheitszentrum<\/strong><br style=\"outline: none; margin: 0px; padding: 0px; color: #313131; font-family: Muli, sans-serif; font-size: 15px;\" \/>Adresse: G\u00fclbahar Mah. B\u00fcy\u00fckdere Cad. Oya Sok. Nr.: 11 34398 Mecidiyekoy-\u015ei\u015fli, \u0130stanbul \/ T\u00fcrkei<br style=\"outline: none; margin: 0px; padding: 0px; color: #313131; font-family: Muli, sans-serif; font-size: 15px;\" \/>Tel. 1: (0212) 356 08 00<br style=\"outline: none; margin: 0px; padding: 0px; color: #313131; font-family: Muli, sans-serif; font-size: 15px;\" \/>Tel. 2: (0212) 356 08 03<br style=\"outline: none; margin: 0px; padding: 0px; color: #313131; font-family: Muli, sans-serif; font-size: 15px;\" \/>Fax: (0212) 356 08 04<br style=\"outline: none; margin: 0px; padding: 0px; color: #313131; font-family: Muli, sans-serif; font-size: 15px;\" \/>info@asudehuzurevi.com.tr [Management]<br style=\"outline: none; margin: 0px; padding: 0px; color: #313131; font-family: Muli, sans-serif; font-size: 15px;\" \/>ik@asudehuzurevi.com.tr [Personalabteilung]<\/p>\n<p><strong>Asude Life and Health Center \u015ei\u015fli VIP<br \/><\/strong>Address : <a href=\"https:\/\/goo.gl\/maps\/vRbvhPP8ThNyJEm16\" target=\"_blank\" rel=\"noreferrer noopener\">Halide Edip Ad\u0131var Mahallesi, Alaattin Elmas Sokak, No:7 \u015ei\u015fli, \u0130stanbul\/Turkey<\/a><br \/>Phone : \u00a0<a href=\"tel:444 8 923\" target=\"_blank\" rel=\"noreferrer noopener\">444 8 923<\/a><br \/><a href=\"mailto:info@asudeysm.com\">info@asudeysm.com<\/a> [Management]<br \/><a href=\"mailto:ik@asudeysm.com\">ik@asudeysm.com<\/a> [Human Resources]<\/p>\n","protected":false},"excerpt":{"rendered":"<p>\u00c7aml\u0131ca Asude Lebens und GesundheitszentrumAdresse: K\u0131s\u0131kl\u0131 Mah. Gurbet Sok. Nr.: 6 34692 \u00dcmraniye-\u0130stanbul \/ T\u00fcrkeiTel 1: (0216) 321 00 69Tel. 2: (0216) 321 00 89Tel. 3: (0216) 316 02 08Fax: (0216) 321 13 16info@asudehuzurevi.com.tr [Management]ik@asudehuzurevi.com.tr [Personalabteilung] Mecidiyek\u00f6y Asude Lebens und GesundheitszentrumAdresse: G\u00fclbahar Mah. B\u00fcy\u00fckdere Cad. Oya Sok. Nr.: 11 34398 Mecidiyekoy-\u015ei\u015fli, \u0130stanbul \/ T\u00fcrkeiTel. 1: [&hellip;]<\/p>\n","protected":false},"author":7,"featured_media":11284,"parent":8904,"menu_order":0,"comment_status":"closed","ping_status":"closed","template":"","meta":[],"_links":{"self":[{"href":"https:\/\/www.asudeyasamvesaglikmerkezi.com\/de\/wp-json\/wp\/v2\/pages\/8892"}],"collection":[{"href":"https:\/\/www.asudeyasamvesaglikmerkezi.com\/de\/wp-json\/wp\/v2\/pages"}],"about":[{"href":"https:\/\/www.asudeyasamvesaglikmerkezi.com\/de\/wp-json\/wp\/v2\/types\/page"}],"author":[{"embeddable":true,"href":"https:\/\/www.asudeyasamvesaglikmerkezi.com\/de\/wp-json\/wp\/v2\/users\/7"}],"replies":[{"embeddable":true,"href":"https:\/\/www.asudeyasamvesaglikmerkezi.com\/de\/wp-json\/wp\/v2\/comments?post=8892"}],"version-history":[{"count":0,"href":"https:\/\/www.asudeyasamvesaglikmerkezi.com\/de\/wp-json\/wp\/v2\/pages\/8892\/revisions"}],"up":[{"embeddable":true,"href":"https:\/\/www.asudeyasamvesaglikmerkezi.com\/de\/wp-json\/wp\/v2\/pages\/8904"}],"wp:featuredmedia":[{"embeddable":true,"href":"https:\/\/www.asudeyasamvesaglikmerkezi.com\/de\/wp-json\/wp\/v2\/media\/11284"}],"wp:attachment":[{"href":"https:\/\/www.asudeyasamvesaglikmerkezi.com\/de\/wp-json\/wp\/v2\/media?parent=8892"}],"curies":[{"name":"wp","href":"https:\/\/api.w.org\/{rel}","templated":true}]}}